{"id":643,"date":"2024-03-18T13:43:12","date_gmt":"2024-03-18T13:43:12","guid":{"rendered":"https:\/\/arjarun.kpi10.com\/faire-un-don\/"},"modified":"2024-04-02T16:24:34","modified_gmt":"2024-04-02T16:24:34","slug":"faire-un-don","status":"publish","type":"page","link":"https:\/\/arjarun.kpi10.com\/fr\/faire-un-don\/","title":{"rendered":"Faire un don"},"content":{"rendered":"\t\t<div data-elementor-type=\"wp-page\" data-elementor-id=\"643\" class=\"elementor elementor-643 elementor-35\" data-elementor-post-type=\"page\">\n\t\t\t\t<div class=\"elementor-element elementor-element-951e991 e-flex e-con-boxed e-con e-parent\" data-id=\"951e991\" data-element_type=\"container\" data-settings=\"{&quot;background_background&quot;:&quot;classic&quot;,&quot;jet_parallax_layout_list&quot;:[]}\">\n\t\t\t\t\t<div class=\"e-con-inner\">\n\t\t\t\t<div class=\"elementor-element elementor-element-d0802ab elementor-widget elementor-widget-heading\" data-id=\"d0802ab\" data-element_type=\"widget\" data-widget_type=\"heading.default\">\n\t\t\t\t<div class=\"elementor-widget-container\">\n\t\t\t\t\t<h2 class=\"elementor-heading-title elementor-size-default\">FAITES UN DON AUJOURD'HUI<\/h2>\t\t\t\t<\/div>\n\t\t\t\t<\/div>\n\t\t\t\t\t<\/div>\n\t\t\t\t<\/div>\n\t\t<div class=\"elementor-element elementor-element-0e4b24c e-flex e-con-boxed e-con e-parent\" data-id=\"0e4b24c\" data-element_type=\"container\" data-settings=\"{&quot;jet_parallax_layout_list&quot;:[]}\">\n\t\t\t\t\t<div class=\"e-con-inner\">\n\t\t<div class=\"elementor-element elementor-element-447115f e-flex e-con-boxed e-con e-child\" data-id=\"447115f\" data-element_type=\"container\" data-settings=\"{&quot;background_background&quot;:&quot;classic&quot;,&quot;jet_parallax_layout_list&quot;:[]}\">\n\t\t\t\t\t<div class=\"e-con-inner\">\n\t\t\t\t<div class=\"elementor-element elementor-element-bdb1318 elementor-widget elementor-widget-text-editor\" data-id=\"bdb1318\" data-element_type=\"widget\" data-widget_type=\"text-editor.default\">\n\t\t\t\t<div class=\"elementor-widget-container\">\n\t\t\t\t\t\t\t\t\t<p>Tous les b\u00e9n\u00e9fices sont redistribu\u00e9s aux artistes.<br \/><strong>Merci pour votre patronage<\/strong><\/p>\n\t\t\t\t\t\t\t\t<\/div>\n\t\t\t\t<\/div>\n\t\t\t\t<div class=\"elementor-element elementor-element-21b1036 elementor-widget elementor-widget-button\" data-id=\"21b1036\" data-element_type=\"widget\" data-widget_type=\"button.default\">\n\t\t\t\t<div class=\"elementor-widget-container\">\n\t\t\t\t\t\t\t\t\t<div class=\"elementor-button-wrapper\">\n\t\t\t\t\t<a class=\"elementor-button elementor-button-link elementor-size-sm\" href=\"https:\/\/arjarun.kpi10.com\/shop\/\">\n\t\t\t\t\t\t<span class=\"elementor-button-content-wrapper\">\n\t\t\t\t\t\t\t\t\t<span class=\"elementor-button-text\">D\u00c9COUVRIR LES CR\u00c9ATIONS<\/span>\n\t\t\t\t\t<\/span>\n\t\t\t\t\t<\/a>\n\t\t\t\t<\/div>\n\t\t\t\t\t\t\t\t<\/div>\n\t\t\t\t<\/div>\n\t\t\t\t\t<\/div>\n\t\t\t\t<\/div>\n\t\t<div class=\"elementor-element elementor-element-143bbb2 e-flex e-con-boxed e-con e-child\" data-id=\"143bbb2\" data-element_type=\"container\" data-settings=\"{&quot;jet_parallax_layout_list&quot;:[]}\">\n\t\t\t\t\t<div class=\"e-con-inner\">\n\t\t\t\t<div class=\"elementor-element elementor-element-3d30875 elementor-widget elementor-widget-html\" data-id=\"3d30875\" data-element_type=\"widget\" data-widget_type=\"html.default\">\n\t\t\t\t<div class=\"elementor-widget-container\">\n\t\t\t\t\t<script src=\"https:\/\/donorbox.org\/widget.js\" paypalexpress=\"true\"><\/script><iframe src=\"https:\/\/donorbox.org\/embed\/arjarun\" name=\"donorbox\" allowpaymentrequest=\"allowpaymentrequest\" seamless=\"seamless\" frameborder=\"0\" scrolling=\"no\" height=\"900px\" width=\"100%\" style=\"max-width:1000px; min-width: 250px; max-height:none!important\"><\/iframe>\n\t\t\t\t<\/div>\n\t\t\t\t<\/div>\n\t\t\t\t\t<\/div>\n\t\t\t\t<\/div>\n\t\t\t\t\t<\/div>\n\t\t\t\t<\/div>\n\t\t\t\t<\/div>\n\t\t","protected":false},"excerpt":{"rendered":"<p>FAITES UN DON AUJOURD&rsquo;HUI Tous les b\u00e9n\u00e9fices sont redistribu\u00e9s aux artistes.Merci pour votre patronage D\u00c9COUVRIR LES CR\u00c9ATIONS<\/p>\n","protected":false},"author":1,"featured_media":0,"parent":0,"menu_order":0,"comment_status":"closed","ping_status":"closed","template":"","meta":{"footnotes":""},"_links":{"self":[{"href":"https:\/\/arjarun.kpi10.com\/fr\/wp-json\/wp\/v2\/pages\/643"}],"collection":[{"href":"https:\/\/arjarun.kpi10.com\/fr\/wp-json\/wp\/v2\/pages"}],"about":[{"href":"https:\/\/arjarun.kpi10.com\/fr\/wp-json\/wp\/v2\/types\/page"}],"author":[{"embeddable":true,"href":"https:\/\/arjarun.kpi10.com\/fr\/wp-json\/wp\/v2\/users\/1"}],"replies":[{"embeddable":true,"href":"https:\/\/arjarun.kpi10.com\/fr\/wp-json\/wp\/v2\/comments?post=643"}],"version-history":[{"count":2,"href":"https:\/\/arjarun.kpi10.com\/fr\/wp-json\/wp\/v2\/pages\/643\/revisions"}],"predecessor-version":[{"id":645,"href":"https:\/\/arjarun.kpi10.com\/fr\/wp-json\/wp\/v2\/pages\/643\/revisions\/645"}],"wp:attachment":[{"href":"https:\/\/arjarun.kpi10.com\/fr\/wp-json\/wp\/v2\/media?parent=643"}],"curies":[{"name":"wp","href":"https:\/\/api.w.org\/{rel}","templated":true}]}}