{"id":659,"date":"2024-03-18T13:59:10","date_gmt":"2024-03-18T13:59:10","guid":{"rendered":"https:\/\/arjarun.kpi10.com\/nos-creations\/"},"modified":"2024-04-02T16:30:53","modified_gmt":"2024-04-02T16:30:53","slug":"nos-creations","status":"publish","type":"page","link":"https:\/\/arjarun.kpi10.com\/fr\/nos-creations\/","title":{"rendered":"Nos cr\u00e9ations"},"content":{"rendered":"\t\t<div data-elementor-type=\"wp-page\" data-elementor-id=\"659\" class=\"elementor elementor-659 elementor-56\" data-elementor-post-type=\"page\">\n\t\t\t\t<div class=\"elementor-element elementor-element-c5ab4c4 e-con-full e-flex e-con e-parent\" data-id=\"c5ab4c4\" data-element_type=\"container\" data-settings=\"{&quot;background_background&quot;:&quot;classic&quot;,&quot;jet_parallax_layout_list&quot;:[]}\">\n\t\t\t\t<div class=\"elementor-element elementor-element-d50247d elementor-widget elementor-widget-heading\" data-id=\"d50247d\" data-element_type=\"widget\" data-widget_type=\"heading.default\">\n\t\t\t\t<div class=\"elementor-widget-container\">\n\t\t\t\t\t<h2 class=\"elementor-heading-title elementor-size-default\">D\u00c9COUVREZ NOS CR\u00c9ATIONS<\/h2>\t\t\t\t<\/div>\n\t\t\t\t<\/div>\n\t\t\t\t<\/div>\n\t\t<div class=\"elementor-element elementor-element-7a5fbb5 e-con-full e-flex e-con e-parent\" data-id=\"7a5fbb5\" data-element_type=\"container\" data-settings=\"{&quot;jet_parallax_layout_list&quot;:[]}\">\n\t\t\t\t<div class=\"elementor-element elementor-element-6798ef5 elementor-grid-4 elementor-grid-tablet-2 elementor-grid-mobile-1 elementor-widget elementor-widget-portfolio\" data-id=\"6798ef5\" data-element_type=\"widget\" data-settings=\"{&quot;columns&quot;:&quot;4&quot;,&quot;item_ratio&quot;:{&quot;unit&quot;:&quot;px&quot;,&quot;size&quot;:1,&quot;sizes&quot;:[]},&quot;row_gap&quot;:{&quot;unit&quot;:&quot;px&quot;,&quot;size&quot;:40,&quot;sizes&quot;:[]},&quot;columns_tablet&quot;:&quot;2&quot;,&quot;columns_mobile&quot;:&quot;1&quot;,&quot;item_gap&quot;:{&quot;unit&quot;:&quot;px&quot;,&quot;size&quot;:&quot;&quot;,&quot;sizes&quot;:[]}}\" data-widget_type=\"portfolio.default\">\n\t\t\t\t<div class=\"elementor-widget-container\">\n\t\t\t\t\t\t\t<ul class=\"elementor-portfolio__filters\">\n\t\t\t<li class=\"elementor-portfolio__filter elementor-active\" tabindex=\"0\" data-filter=\"__all\">Tout<\/li>\n\t\t\t\t\t\t\t<li class=\"elementor-portfolio__filter\" tabindex=\"0\" data-filter=\"50\">Abraham Vazquez Vallado<\/li>\n\t\t\t\t\t\t\t<li class=\"elementor-portfolio__filter\" tabindex=\"0\" data-filter=\"51\">Artistes<\/li>\n\t\t\t\t\t\t\t<li class=\"elementor-portfolio__filter\" tabindex=\"0\" data-filter=\"57\">Arts visuels<\/li>\n\t\t\t\t\t\t\t<li class=\"elementor-portfolio__filter\" tabindex=\"0\" data-filter=\"62\">Chandelles<\/li>\n\t\t\t\t\t\t\t<li class=\"elementor-portfolio__filter\" tabindex=\"0\" data-filter=\"65\">C\u00e9ramique<\/li>\n\t\t\t\t\t\t\t<li class=\"elementor-portfolio__filter\" tabindex=\"0\" data-filter=\"49\">Encens<\/li>\n\t\t\t\t\t\t\t<li class=\"elementor-portfolio__filter\" tabindex=\"0\" data-filter=\"58\">Jo Situ Allen<\/li>\n\t\t\t\t\t\t\t<li class=\"elementor-portfolio__filter\" tabindex=\"0\" data-filter=\"66\">Porte-encens<\/li>\n\t\t\t\t\t\t\t<li class=\"elementor-portfolio__filter\" tabindex=\"0\" data-filter=\"61\">Stephanie Neutze<\/li>\n\t\t\t\t\t<\/ul>\n\t\t\t\t<div class=\"elementor-portfolio elementor-grid elementor-posts-container\">\n\t\t\t\t<article class=\"elementor-portfolio-item elementor-post elementor-filter-50 elementor-filter-51 elementor-filter-49 post-670 product type-product status-publish has-post-thumbnail product_cat-abraham-vazquez-vallado-fr product_cat-artistes product_cat-encens product_tag-artistes first instock shipping-taxable purchasable product-type-variable\">\n\t\t\t<a class=\"elementor-post__thumbnail__link\" href=\"https:\/\/arjarun.kpi10.com\/fr\/produit\/encens\/\">\n\t\t\t\t<div class=\"elementor-portfolio-item__img elementor-post__thumbnail\">\n\t\t\t<img fetchpriority=\"high\" decoding=\"async\" width=\"750\" height=\"1000\" src=\"https:\/\/arjarun.kpi10.com\/wp-content\/uploads\/2024\/03\/Arjarun-3-sticks-1.jpg\" class=\"attachment-full size-full wp-image-335\" alt=\"\" srcset=\"https:\/\/arjarun.kpi10.com\/wp-content\/uploads\/2024\/03\/Arjarun-3-sticks-1.jpg 750w, https:\/\/arjarun.kpi10.com\/wp-content\/uploads\/2024\/03\/Arjarun-3-sticks-1-225x300.jpg 225w, https:\/\/arjarun.kpi10.com\/wp-content\/uploads\/2024\/03\/Arjarun-3-sticks-1-600x800.jpg 600w\" sizes=\"(max-width: 750px) 100vw, 750px\" \/>\t\t<\/div>\n\t\t\t\t<div class=\"elementor-portfolio-item__overlay\">\n\t\t\t\t<h3 class=\"elementor-portfolio-item__title\">\n\t\tEncens\t\t<\/h3>\n\t\t\t\t<\/div>\n\t\t\t\t<\/a>\n\t\t<\/article>\n\t\t\t\t<article class=\"elementor-portfolio-item elementor-post elementor-filter-51 elementor-filter-57 elementor-filter-58 post-676 product type-product status-publish has-post-thumbnail product_cat-artistes product_cat-arts-visuels product_cat-jo-situ-allen-fr product_tag-artistes  instock shipping-taxable purchasable product-type-simple\">\n\t\t\t<a class=\"elementor-post__thumbnail__link\" href=\"https:\/\/arjarun.kpi10.com\/fr\/produit\/pack-dautocollants-dinspiration\/\">\n\t\t\t\t<div class=\"elementor-portfolio-item__img elementor-post__thumbnail\">\n\t\t\t<img decoding=\"async\" width=\"750\" height=\"1000\" src=\"https:\/\/arjarun.kpi10.com\/wp-content\/uploads\/2024\/03\/23.jpg\" class=\"attachment-full size-full wp-image-331\" alt=\"\" srcset=\"https:\/\/arjarun.kpi10.com\/wp-content\/uploads\/2024\/03\/23.jpg 750w, https:\/\/arjarun.kpi10.com\/wp-content\/uploads\/2024\/03\/23-225x300.jpg 225w, https:\/\/arjarun.kpi10.com\/wp-content\/uploads\/2024\/03\/23-600x800.jpg 600w\" sizes=\"(max-width: 750px) 100vw, 750px\" \/>\t\t<\/div>\n\t\t\t\t<div class=\"elementor-portfolio-item__overlay\">\n\t\t\t\t<h3 class=\"elementor-portfolio-item__title\">\n\t\tPack d&rsquo;autocollants d&rsquo;inspiration\t\t<\/h3>\n\t\t\t\t<\/div>\n\t\t\t\t<\/a>\n\t\t<\/article>\n\t\t\t\t<article class=\"elementor-portfolio-item elementor-post elementor-filter-51 elementor-filter-62 elementor-filter-61 post-678 product type-product status-publish has-post-thumbnail product_cat-artistes product_cat-chandelles product_cat-stephanie-neutze-fr product_tag-artistes  instock shipping-taxable purchasable product-type-simple\">\n\t\t\t<a class=\"elementor-post__thumbnail__link\" href=\"https:\/\/arjarun.kpi10.com\/fr\/produit\/bougies-en-cire-dabeille-maya-stingless-melipona-beecheii\/\">\n\t\t\t\t<div class=\"elementor-portfolio-item__img elementor-post__thumbnail\">\n\t\t\t<img decoding=\"async\" width=\"750\" height=\"1000\" src=\"https:\/\/arjarun.kpi10.com\/wp-content\/uploads\/2024\/03\/Mayan-Stingless-Melipona-beecheii-beeswax-candles-1.jpg\" class=\"attachment-full size-full wp-image-324\" alt=\"\" srcset=\"https:\/\/arjarun.kpi10.com\/wp-content\/uploads\/2024\/03\/Mayan-Stingless-Melipona-beecheii-beeswax-candles-1.jpg 750w, https:\/\/arjarun.kpi10.com\/wp-content\/uploads\/2024\/03\/Mayan-Stingless-Melipona-beecheii-beeswax-candles-1-225x300.jpg 225w, https:\/\/arjarun.kpi10.com\/wp-content\/uploads\/2024\/03\/Mayan-Stingless-Melipona-beecheii-beeswax-candles-1-600x800.jpg 600w\" sizes=\"(max-width: 750px) 100vw, 750px\" \/>\t\t<\/div>\n\t\t\t\t<div class=\"elementor-portfolio-item__overlay\">\n\t\t\t\t<h3 class=\"elementor-portfolio-item__title\">\n\t\tBougies en cire d&rsquo;abeille Maya Stingless Melipona beecheii\t\t<\/h3>\n\t\t\t\t<\/div>\n\t\t\t\t<\/a>\n\t\t<\/article>\n\t\t\t\t<article class=\"elementor-portfolio-item elementor-post elementor-filter-51 elementor-filter-65 elementor-filter-66 elementor-filter-61 post-680 product type-product status-publish has-post-thumbnail product_cat-artistes product_cat-ceramique product_cat-porte-encens product_cat-stephanie-neutze-fr product_tag-artistes last instock shipping-taxable purchasable product-type-variable\">\n\t\t\t<a class=\"elementor-post__thumbnail__link\" href=\"https:\/\/arjarun.kpi10.com\/fr\/produit\/boite-vintage-en-ceramique-peinte-a-la-main\/\">\n\t\t\t\t<div class=\"elementor-portfolio-item__img elementor-post__thumbnail\">\n\t\t\t<img loading=\"lazy\" decoding=\"async\" width=\"750\" height=\"1000\" src=\"https:\/\/arjarun.kpi10.com\/wp-content\/uploads\/2024\/03\/Orange-Ceramic-1.jpg\" class=\"attachment-full size-full wp-image-314\" alt=\"\" srcset=\"https:\/\/arjarun.kpi10.com\/wp-content\/uploads\/2024\/03\/Orange-Ceramic-1.jpg 750w, https:\/\/arjarun.kpi10.com\/wp-content\/uploads\/2024\/03\/Orange-Ceramic-1-225x300.jpg 225w, https:\/\/arjarun.kpi10.com\/wp-content\/uploads\/2024\/03\/Orange-Ceramic-1-600x800.jpg 600w\" sizes=\"(max-width: 750px) 100vw, 750px\" \/>\t\t<\/div>\n\t\t\t\t<div class=\"elementor-portfolio-item__overlay\">\n\t\t\t\t<h3 class=\"elementor-portfolio-item__title\">\n\t\tBo\u00eete vintage en c\u00e9ramique peinte \u00e0 la main\t\t<\/h3>\n\t\t\t\t<\/div>\n\t\t\t\t<\/a>\n\t\t<\/article>\n\t\t\t\t<article class=\"elementor-portfolio-item elementor-post elementor-filter-51 elementor-filter-65 elementor-filter-66 elementor-filter-61 post-688 product type-product status-publish has-post-thumbnail product_cat-artistes product_cat-ceramique product_cat-porte-encens product_cat-stephanie-neutze-fr product_tag-artistes first instock shipping-taxable purchasable product-type-simple\">\n\t\t\t<a class=\"elementor-post__thumbnail__link\" href=\"https:\/\/arjarun.kpi10.com\/fr\/produit\/bols-mexicains-en-pierre-dure-blanche\/\">\n\t\t\t\t<div class=\"elementor-portfolio-item__img elementor-post__thumbnail\">\n\t\t\t<img loading=\"lazy\" decoding=\"async\" width=\"750\" height=\"1000\" src=\"https:\/\/arjarun.kpi10.com\/wp-content\/uploads\/2024\/03\/Mexican-White-Hard-Stone-Bowls-1.jpg\" class=\"attachment-full size-full wp-image-283\" alt=\"\" srcset=\"https:\/\/arjarun.kpi10.com\/wp-content\/uploads\/2024\/03\/Mexican-White-Hard-Stone-Bowls-1.jpg 750w, https:\/\/arjarun.kpi10.com\/wp-content\/uploads\/2024\/03\/Mexican-White-Hard-Stone-Bowls-1-225x300.jpg 225w, https:\/\/arjarun.kpi10.com\/wp-content\/uploads\/2024\/03\/Mexican-White-Hard-Stone-Bowls-1-600x800.jpg 600w\" sizes=\"(max-width: 750px) 100vw, 750px\" \/>\t\t<\/div>\n\t\t\t\t<div class=\"elementor-portfolio-item__overlay\">\n\t\t\t\t<h3 class=\"elementor-portfolio-item__title\">\n\t\tBols mexicains en pierre dure blanche\t\t<\/h3>\n\t\t\t\t<\/div>\n\t\t\t\t<\/a>\n\t\t<\/article>\n\t\t\t\t<article class=\"elementor-portfolio-item elementor-post elementor-filter-51 elementor-filter-65 elementor-filter-66 elementor-filter-61 post-690 product type-product status-publish has-post-thumbnail product_cat-artistes product_cat-ceramique product_cat-porte-encens product_cat-stephanie-neutze-fr product_tag-artistes  instock shipping-taxable purchasable product-type-variable\">\n\t\t\t<a class=\"elementor-post__thumbnail__link\" href=\"https:\/\/arjarun.kpi10.com\/fr\/produit\/porte-encens-hamsa\/\">\n\t\t\t\t<div class=\"elementor-portfolio-item__img elementor-post__thumbnail\">\n\t\t\t<img loading=\"lazy\" decoding=\"async\" width=\"750\" height=\"1000\" src=\"https:\/\/arjarun.kpi10.com\/wp-content\/uploads\/2024\/03\/Hamsa-incense-dishes-Eye.jpg\" class=\"attachment-full size-full wp-image-271\" alt=\"\" srcset=\"https:\/\/arjarun.kpi10.com\/wp-content\/uploads\/2024\/03\/Hamsa-incense-dishes-Eye.jpg 750w, https:\/\/arjarun.kpi10.com\/wp-content\/uploads\/2024\/03\/Hamsa-incense-dishes-Eye-225x300.jpg 225w, https:\/\/arjarun.kpi10.com\/wp-content\/uploads\/2024\/03\/Hamsa-incense-dishes-Eye-600x800.jpg 600w\" sizes=\"(max-width: 750px) 100vw, 750px\" \/>\t\t<\/div>\n\t\t\t\t<div class=\"elementor-portfolio-item__overlay\">\n\t\t\t\t<h3 class=\"elementor-portfolio-item__title\">\n\t\tPorte-encens Hamsa\t\t<\/h3>\n\t\t\t\t<\/div>\n\t\t\t\t<\/a>\n\t\t<\/article>\n\t\t\t\t<article class=\"elementor-portfolio-item elementor-post elementor-filter-51 elementor-filter-65 elementor-filter-66 elementor-filter-61 post-696 product type-product status-publish has-post-thumbnail product_cat-artistes product_cat-ceramique product_cat-porte-encens product_cat-stephanie-neutze-fr product_tag-artistes  instock shipping-taxable purchasable product-type-variable\">\n\t\t\t<a class=\"elementor-post__thumbnail__link\" href=\"https:\/\/arjarun.kpi10.com\/fr\/produit\/porte-encens-en-ceramique\/\">\n\t\t\t\t<div class=\"elementor-portfolio-item__img elementor-post__thumbnail\">\n\t\t\t<img loading=\"lazy\" decoding=\"async\" width=\"750\" height=\"1000\" src=\"https:\/\/arjarun.kpi10.com\/wp-content\/uploads\/2024\/03\/Ceramic-incense-dishes-Star.jpg\" class=\"attachment-full size-full wp-image-264\" alt=\"\" srcset=\"https:\/\/arjarun.kpi10.com\/wp-content\/uploads\/2024\/03\/Ceramic-incense-dishes-Star.jpg 750w, https:\/\/arjarun.kpi10.com\/wp-content\/uploads\/2024\/03\/Ceramic-incense-dishes-Star-225x300.jpg 225w, https:\/\/arjarun.kpi10.com\/wp-content\/uploads\/2024\/03\/Ceramic-incense-dishes-Star-600x800.jpg 600w\" sizes=\"(max-width: 750px) 100vw, 750px\" \/>\t\t<\/div>\n\t\t\t\t<div class=\"elementor-portfolio-item__overlay\">\n\t\t\t\t<h3 class=\"elementor-portfolio-item__title\">\n\t\tPorte-encens en c\u00e9ramique\t\t<\/h3>\n\t\t\t\t<\/div>\n\t\t\t\t<\/a>\n\t\t<\/article>\n\t\t\t\t<article class=\"elementor-portfolio-item elementor-post elementor-filter-51 elementor-filter-66 elementor-filter-61 post-702 product type-product status-publish has-post-thumbnail product_cat-artistes product_cat-porte-encens product_cat-stephanie-neutze-fr product_tag-artistes last instock shipping-taxable purchasable product-type-variable\">\n\t\t\t<a class=\"elementor-post__thumbnail__link\" href=\"https:\/\/arjarun.kpi10.com\/fr\/produit\/souris-en-cuir\/\">\n\t\t\t\t<div class=\"elementor-portfolio-item__img elementor-post__thumbnail\">\n\t\t\t<img loading=\"lazy\" decoding=\"async\" width=\"750\" height=\"1000\" src=\"https:\/\/arjarun.kpi10.com\/wp-content\/uploads\/2024\/03\/Leather-Mice.jpg\" class=\"attachment-full size-full wp-image-258\" alt=\"\" srcset=\"https:\/\/arjarun.kpi10.com\/wp-content\/uploads\/2024\/03\/Leather-Mice.jpg 750w, https:\/\/arjarun.kpi10.com\/wp-content\/uploads\/2024\/03\/Leather-Mice-225x300.jpg 225w, https:\/\/arjarun.kpi10.com\/wp-content\/uploads\/2024\/03\/Leather-Mice-600x800.jpg 600w\" sizes=\"(max-width: 750px) 100vw, 750px\" \/>\t\t<\/div>\n\t\t\t\t<div class=\"elementor-portfolio-item__overlay\">\n\t\t\t\t<h3 class=\"elementor-portfolio-item__title\">\n\t\tSouris en cuir\t\t<\/h3>\n\t\t\t\t<\/div>\n\t\t\t\t<\/a>\n\t\t<\/article>\n\t\t\t\t<article class=\"elementor-portfolio-item elementor-post elementor-filter-51 elementor-filter-66 elementor-filter-61 post-708 product type-product status-publish has-post-thumbnail product_cat-artistes product_cat-porte-encens product_cat-stephanie-neutze-fr product_tag-artistes first instock shipping-taxable purchasable product-type-simple\">\n\t\t\t<a class=\"elementor-post__thumbnail__link\" href=\"https:\/\/arjarun.kpi10.com\/fr\/produit\/recipient-a-ananas\/\">\n\t\t\t\t<div class=\"elementor-portfolio-item__img elementor-post__thumbnail\">\n\t\t\t<img loading=\"lazy\" decoding=\"async\" width=\"750\" height=\"1000\" src=\"https:\/\/arjarun.kpi10.com\/wp-content\/uploads\/2024\/03\/Pineapple-container.jpg\" class=\"attachment-full size-full wp-image-253\" alt=\"\" srcset=\"https:\/\/arjarun.kpi10.com\/wp-content\/uploads\/2024\/03\/Pineapple-container.jpg 750w, https:\/\/arjarun.kpi10.com\/wp-content\/uploads\/2024\/03\/Pineapple-container-225x300.jpg 225w, https:\/\/arjarun.kpi10.com\/wp-content\/uploads\/2024\/03\/Pineapple-container-600x800.jpg 600w\" sizes=\"(max-width: 750px) 100vw, 750px\" \/>\t\t<\/div>\n\t\t\t\t<div class=\"elementor-portfolio-item__overlay\">\n\t\t\t\t<h3 class=\"elementor-portfolio-item__title\">\n\t\tR\u00e9cipient \u00e0 ananas\t\t<\/h3>\n\t\t\t\t<\/div>\n\t\t\t\t<\/a>\n\t\t<\/article>\n\t\t\t\t<article class=\"elementor-portfolio-item elementor-post elementor-filter-51 elementor-filter-66 elementor-filter-61 post-710 product type-product status-publish has-post-thumbnail product_cat-artistes product_cat-porte-encens product_cat-stephanie-neutze-fr product_tag-artistes  instock shipping-taxable purchasable product-type-variable\">\n\t\t\t<a class=\"elementor-post__thumbnail__link\" href=\"https:\/\/arjarun.kpi10.com\/fr\/produit\/conteneurs-de-maison-tisses\/\">\n\t\t\t\t<div class=\"elementor-portfolio-item__img elementor-post__thumbnail\">\n\t\t\t<img loading=\"lazy\" decoding=\"async\" width=\"750\" height=\"1000\" src=\"https:\/\/arjarun.kpi10.com\/wp-content\/uploads\/2024\/03\/Woven-house-containers.jpg\" class=\"attachment-full size-full wp-image-249\" alt=\"\" srcset=\"https:\/\/arjarun.kpi10.com\/wp-content\/uploads\/2024\/03\/Woven-house-containers.jpg 750w, https:\/\/arjarun.kpi10.com\/wp-content\/uploads\/2024\/03\/Woven-house-containers-225x300.jpg 225w, https:\/\/arjarun.kpi10.com\/wp-content\/uploads\/2024\/03\/Woven-house-containers-600x800.jpg 600w\" sizes=\"(max-width: 750px) 100vw, 750px\" \/>\t\t<\/div>\n\t\t\t\t<div class=\"elementor-portfolio-item__overlay\">\n\t\t\t\t<h3 class=\"elementor-portfolio-item__title\">\n\t\tConteneurs de maison tiss\u00e9s\t\t<\/h3>\n\t\t\t\t<\/div>\n\t\t\t\t<\/a>\n\t\t<\/article>\n\t\t\t\t<\/div>\n\t\t\t\t\t\t<\/div>\n\t\t\t\t<\/div>\n\t\t\t\t<\/div>\n\t\t\t\t<\/div>\n\t\t","protected":false},"excerpt":{"rendered":"<p>D\u00c9COUVREZ NOS CR\u00c9ATIONS<\/p>\n","protected":false},"author":1,"featured_media":0,"parent":0,"menu_order":0,"comment_status":"closed","ping_status":"closed","template":"","meta":{"footnotes":""},"_links":{"self":[{"href":"https:\/\/arjarun.kpi10.com\/fr\/wp-json\/wp\/v2\/pages\/659"}],"collection":[{"href":"https:\/\/arjarun.kpi10.com\/fr\/wp-json\/wp\/v2\/pages"}],"about":[{"href":"https:\/\/arjarun.kpi10.com\/fr\/wp-json\/wp\/v2\/types\/page"}],"author":[{"embeddable":true,"href":"https:\/\/arjarun.kpi10.com\/fr\/wp-json\/wp\/v2\/users\/1"}],"replies":[{"embeddable":true,"href":"https:\/\/arjarun.kpi10.com\/fr\/wp-json\/wp\/v2\/comments?post=659"}],"version-history":[{"count":2,"href":"https:\/\/arjarun.kpi10.com\/fr\/wp-json\/wp\/v2\/pages\/659\/revisions"}],"predecessor-version":[{"id":661,"href":"https:\/\/arjarun.kpi10.com\/fr\/wp-json\/wp\/v2\/pages\/659\/revisions\/661"}],"wp:attachment":[{"href":"https:\/\/arjarun.kpi10.com\/fr\/wp-json\/wp\/v2\/media?parent=659"}],"curies":[{"name":"wp","href":"https:\/\/api.w.org\/{rel}","templated":true}]}}