{"id":680,"date":"2024-03-18T20:24:34","date_gmt":"2024-03-18T20:24:34","guid":{"rendered":"https:\/\/arjarun.kpi10.com\/product\/boite-vintage-en-ceramique-peinte-a-la-main\/"},"modified":"2024-03-18T20:24:34","modified_gmt":"2024-03-18T20:24:34","slug":"boite-vintage-en-ceramique-peinte-a-la-main","status":"publish","type":"product","link":"https:\/\/arjarun.kpi10.com\/fr\/produit\/boite-vintage-en-ceramique-peinte-a-la-main\/","title":{"rendered":"Bo\u00eete vintage en c\u00e9ramique peinte \u00e0 la main"},"content":{"rendered":"","protected":false},"excerpt":{"rendered":"","protected":false},"featured_media":314,"comment_status":"open","ping_status":"closed","template":"","meta":[],"product_cat":[51,65,66,61],"product_tag":[52],"_links":{"self":[{"href":"https:\/\/arjarun.kpi10.com\/fr\/wp-json\/wp\/v2\/product\/680"}],"collection":[{"href":"https:\/\/arjarun.kpi10.com\/fr\/wp-json\/wp\/v2\/product"}],"about":[{"href":"https:\/\/arjarun.kpi10.com\/fr\/wp-json\/wp\/v2\/types\/product"}],"replies":[{"embeddable":true,"href":"https:\/\/arjarun.kpi10.com\/fr\/wp-json\/wp\/v2\/comments?post=680"}],"wp:featuredmedia":[{"embeddable":true,"href":"https:\/\/arjarun.kpi10.com\/fr\/wp-json\/wp\/v2\/media\/314"}],"wp:attachment":[{"href":"https:\/\/arjarun.kpi10.com\/fr\/wp-json\/wp\/v2\/media?parent=680"}],"wp:term":[{"taxonomy":"product_cat","embeddable":true,"href":"https:\/\/arjarun.kpi10.com\/fr\/wp-json\/wp\/v2\/product_cat?post=680"},{"taxonomy":"product_tag","embeddable":true,"href":"https:\/\/arjarun.kpi10.com\/fr\/wp-json\/wp\/v2\/product_tag?post=680"}],"curies":[{"name":"wp","href":"https:\/\/api.w.org\/{rel}","templated":true}]}}